{"id":50,"date":"2025-10-07T18:49:42","date_gmt":"2025-10-07T18:49:42","guid":{"rendered":"https:\/\/www.vjan.ca\/?page_id=50"},"modified":"2025-10-07T18:49:42","modified_gmt":"2025-10-07T18:49:42","slug":"histoire","status":"publish","type":"page","link":"https:\/\/www.vjan.ca\/index.php\/histoire\/","title":{"rendered":"Histoire"},"content":{"rendered":"<p>Cr\u00e9\u00e9 en 1984, le Viens jouer avec nous est un rassemblement d\u2019orchestres d&rsquo;harmonie et de chorales qui r\u00e9unit plus de 1 000 \u00e9l\u00e8ves provenant de 40 \u00e9coles primaires et secondaires des r\u00e9gions de Qu\u00e9bec, Chaudi\u00e8re-Appalaches, du Bas-Saint-Laurent et m\u00eame du Nouveau-Brunswick et des \u00e9tudiantes et des \u00e9tudiants du C\u00e9gep de Sainte-Foy.<\/p>\n<p>Cet \u00e9v\u00e9nement, organis\u00e9 par la F\u00e9d\u00e9ration des Associations des musiciens \u00e9ducateurs de Qu\u00e9bec, Association Qu\u00e9bec-Chaudi\u00e8re-Appalaches, a lieu \u00e0 la salle Albert-Rousseau, en partenariat avec le C\u00e9gep de Sainte-Foy pour l\u2019accueil des participants. Il s\u2019agit du plus grand \u00e9v\u00e8nement musical pour les jeunes de tout l\u2019est du Qu\u00e9bec !<\/p>\n","protected":false},"excerpt":{"rendered":"<p>Cr\u00e9\u00e9 en 1984, le Viens jouer avec nous est un rassemblement d\u2019orchestres d&rsquo;harmonie et de chorales qui r\u00e9unit plus de 1 000 \u00e9l\u00e8ves provenant de 40 \u00e9coles primaires et secondaires des r\u00e9gions de Qu\u00e9bec, Chaudi\u00e8re-Appalaches, du Bas-Saint-Laurent et m\u00eame du Nouveau-Brunswick et des \u00e9tudiantes et des \u00e9tudiants du C\u00e9gep de Sainte-Foy. Cet \u00e9v\u00e9nement, organis\u00e9 par [&hellip;]<\/p>\n","protected":false},"author":1,"featured_media":0,"parent":0,"menu_order":0,"comment_status":"closed","ping_status":"closed","template":"","meta":{"footnotes":""},"class_list":["post-50","page","type-page","status-publish","hentry","post"],"_links":{"self":[{"href":"https:\/\/www.vjan.ca\/index.php\/wp-json\/wp\/v2\/pages\/50","targetHints":{"allow":["GET"]}}],"collection":[{"href":"https:\/\/www.vjan.ca\/index.php\/wp-json\/wp\/v2\/pages"}],"about":[{"href":"https:\/\/www.vjan.ca\/index.php\/wp-json\/wp\/v2\/types\/page"}],"author":[{"embeddable":true,"href":"https:\/\/www.vjan.ca\/index.php\/wp-json\/wp\/v2\/users\/1"}],"replies":[{"embeddable":true,"href":"https:\/\/www.vjan.ca\/index.php\/wp-json\/wp\/v2\/comments?post=50"}],"version-history":[{"count":1,"href":"https:\/\/www.vjan.ca\/index.php\/wp-json\/wp\/v2\/pages\/50\/revisions"}],"predecessor-version":[{"id":51,"href":"https:\/\/www.vjan.ca\/index.php\/wp-json\/wp\/v2\/pages\/50\/revisions\/51"}],"wp:attachment":[{"href":"https:\/\/www.vjan.ca\/index.php\/wp-json\/wp\/v2\/media?parent=50"}],"curies":[{"name":"wp","href":"https:\/\/api.w.org\/{rel}","templated":true}]}}