{"id":25,"date":"2025-10-06T19:56:57","date_gmt":"2025-10-06T19:56:57","guid":{"rendered":"https:\/\/www.vjan.ca\/?page_id=25"},"modified":"2025-10-07T15:29:53","modified_gmt":"2025-10-07T15:29:53","slug":"accueil","status":"publish","type":"page","link":"https:\/\/www.vjan.ca\/","title":{"rendered":"Accueil"},"content":{"rendered":"\n<p>Le rassemblement Viens jouer avec nous regroupe pr\u00e8s de 1500 musiciens et chanteurs des \u00e9coles primaires et secondaire de la r\u00e9gion de Qu\u00e9bec et d&rsquo;ailleurs qui viennent pr\u00e9senter leur travail sur la sc\u00e8ne de la Salle Albert-Rousseau du C\u00e9gep Sainte-Foy. <\/p>\n\n\n\n<p>En plus de pr\u00e9senter leurs pi\u00e8ces, les \u00e9l\u00e8ves ont la chance de participer \u00e0 diff\u00e9rentes activit\u00e9s musicales, d&rsquo;en apprendre plus sur les formations offertes et les instruments utilis\u00e9s. Des activit\u00e9s sont aussi organis\u00e9e pour se d\u00e9tendre et se divertir.<\/p>\n\n\n\n<p>Vous ne trouvez pas de r\u00e9ponse \u00e0 vos questions sur notre site, n&rsquo;h\u00e9sitez pas \u00e0 communiquer avec nous via la section Nous contacter!<\/p>\n\n\n\n<p>Merci et au plaisir de vous croiser au Viens jouer avec nous! <\/p>\n","protected":false},"excerpt":{"rendered":"<p>Le rassemblement Viens jouer avec nous regroupe pr\u00e8s de 1500 musiciens et chanteurs des \u00e9coles primaires et secondaire de la r\u00e9gion de Qu\u00e9bec et d&rsquo;ailleurs qui viennent pr\u00e9senter leur travail sur la sc\u00e8ne de la Salle Albert-Rousseau du C\u00e9gep Sainte-Foy. En plus de pr\u00e9senter leurs pi\u00e8ces, les \u00e9l\u00e8ves ont la chance de participer \u00e0 diff\u00e9rentes [&hellip;]<\/p>\n","protected":false},"author":1,"featured_media":0,"parent":0,"menu_order":0,"comment_status":"closed","ping_status":"closed","template":"","meta":{"footnotes":""},"class_list":["post-25","page","type-page","status-publish","hentry","post"],"_links":{"self":[{"href":"https:\/\/www.vjan.ca\/index.php\/wp-json\/wp\/v2\/pages\/25","targetHints":{"allow":["GET"]}}],"collection":[{"href":"https:\/\/www.vjan.ca\/index.php\/wp-json\/wp\/v2\/pages"}],"about":[{"href":"https:\/\/www.vjan.ca\/index.php\/wp-json\/wp\/v2\/types\/page"}],"author":[{"embeddable":true,"href":"https:\/\/www.vjan.ca\/index.php\/wp-json\/wp\/v2\/users\/1"}],"replies":[{"embeddable":true,"href":"https:\/\/www.vjan.ca\/index.php\/wp-json\/wp\/v2\/comments?post=25"}],"version-history":[{"count":2,"href":"https:\/\/www.vjan.ca\/index.php\/wp-json\/wp\/v2\/pages\/25\/revisions"}],"predecessor-version":[{"id":47,"href":"https:\/\/www.vjan.ca\/index.php\/wp-json\/wp\/v2\/pages\/25\/revisions\/47"}],"wp:attachment":[{"href":"https:\/\/www.vjan.ca\/index.php\/wp-json\/wp\/v2\/media?parent=25"}],"curies":[{"name":"wp","href":"https:\/\/api.w.org\/{rel}","templated":true}]}}