{"id":17,"date":"2025-10-06T19:51:05","date_gmt":"2025-10-06T19:51:05","guid":{"rendered":"https:\/\/www.vjan.ca\/?page_id=17"},"modified":"2025-10-06T19:51:05","modified_gmt":"2025-10-06T19:51:05","slug":"inscriptions","status":"publish","type":"page","link":"https:\/\/www.vjan.ca\/index.php\/inscriptions\/","title":{"rendered":"Inscriptions"},"content":{"rendered":"\n<p><strong>Les inscriptions pour l\u2019\u00e9dition 2026 sont ENFIN ouvertes!!<\/strong><\/p>\n\n\n\n<p>Cette ann\u00e9e, l\u2019inscription se fait en <strong>2 \u00e9tapes<\/strong> :<\/p>\n\n\n\n<p>\ud83d\udc49 <strong>\u00c9tape 1<\/strong> : Remplissez le formulaire d\u2019inscription (sans paiement) avant le <strong>23 octobre 2025<br><\/strong>\ud83d\udcc4<a href=\"https:\/\/docs.google.com\/forms\/d\/e\/1FAIpQLSdLETfQaSjmNSvqSRf-5xm2rQBTgXaTEKaemr2O_zomssOYgg\/viewform?usp=header\"> Formulaire d\u2019inscription<\/a><\/p>\n\n\n\n<p>\ud83d\udc49 <strong>\u00c9tape 2<\/strong> : Proc\u00e9dez au paiement par carte de cr\u00e9dit via la plateforme Yapla, au plus tard le <strong>12 d\u00e9cembre 2025<br><\/strong>\ud83d\udcb3<a href=\"https:\/\/fameq-1.s1.yapla.com\/fr\/event-77041\"> Lien de paiement<\/a><\/p>\n\n\n\n<p><strong>Nouveaut\u00e9 2026<\/strong> : Nous accueillons pour la toute premi\u00e8re fois les <strong>ensembles stage band<\/strong>!<\/p>\n\n\n\n<p>Nous r\u00eavons de former un <strong>grand massband unique, compos\u00e9 uniquement de stage bands<\/strong>.<\/p>\n\n\n\n<p>Comme toujours, nous accueillons avec plaisir :<br>\ud83c\udfb5 Les chorales<br>\ud83c\udfb5 Les orchestres \u00e0 vent<br>\ud83c\udfb5 Et d\u00e9sormais, les stage bands!<\/p>\n\n\n\n<p>Si vous&nbsp;avez des questions, n&rsquo;h\u00e9sitez pas \u00e0 m&rsquo;\u00e9crire \u00e0 cette&nbsp;adresse.&nbsp;<\/p>\n\n\n\n<p>Inscrivez-vous en grand nombre ! Au plaisir de vous y voir encore cette ann\u00e9e !&nbsp;<\/p>\n","protected":false},"excerpt":{"rendered":"<p>Les inscriptions pour l\u2019\u00e9dition 2026 sont ENFIN ouvertes!! Cette ann\u00e9e, l\u2019inscription se fait en 2 \u00e9tapes : \ud83d\udc49 \u00c9tape 1 : Remplissez le formulaire d\u2019inscription (sans paiement) avant le 23 octobre 2025\ud83d\udcc4 Formulaire d\u2019inscription \ud83d\udc49 \u00c9tape 2 : Proc\u00e9dez au paiement par carte de cr\u00e9dit via la plateforme Yapla, au plus tard le 12 d\u00e9cembre [&hellip;]<\/p>\n","protected":false},"author":1,"featured_media":0,"parent":0,"menu_order":0,"comment_status":"closed","ping_status":"closed","template":"","meta":{"footnotes":""},"class_list":["post-17","page","type-page","status-publish","hentry","post"],"_links":{"self":[{"href":"https:\/\/www.vjan.ca\/index.php\/wp-json\/wp\/v2\/pages\/17","targetHints":{"allow":["GET"]}}],"collection":[{"href":"https:\/\/www.vjan.ca\/index.php\/wp-json\/wp\/v2\/pages"}],"about":[{"href":"https:\/\/www.vjan.ca\/index.php\/wp-json\/wp\/v2\/types\/page"}],"author":[{"embeddable":true,"href":"https:\/\/www.vjan.ca\/index.php\/wp-json\/wp\/v2\/users\/1"}],"replies":[{"embeddable":true,"href":"https:\/\/www.vjan.ca\/index.php\/wp-json\/wp\/v2\/comments?post=17"}],"version-history":[{"count":1,"href":"https:\/\/www.vjan.ca\/index.php\/wp-json\/wp\/v2\/pages\/17\/revisions"}],"predecessor-version":[{"id":18,"href":"https:\/\/www.vjan.ca\/index.php\/wp-json\/wp\/v2\/pages\/17\/revisions\/18"}],"wp:attachment":[{"href":"https:\/\/www.vjan.ca\/index.php\/wp-json\/wp\/v2\/media?parent=17"}],"curies":[{"name":"wp","href":"https:\/\/api.w.org\/{rel}","templated":true}]}}